{"id":606,"date":"2026-04-07T10:25:26","date_gmt":"2026-04-07T13:25:26","guid":{"rendered":"https:\/\/leiloes.iz.sp.gov.br\/registro\/?post_type=product&#038;p=606"},"modified":"2026-04-07T10:25:26","modified_gmt":"2026-04-07T13:25:26","slug":"lote-02-novilhas","status":"publish","type":"product","link":"https:\/\/leiloes.iz.sp.gov.br\/registro\/produto\/lote-02-novilhas\/","title":{"rendered":"Lote 02 &#8211; Novilhas"},"content":{"rendered":"<table>\n<tbody>\n<tr>\n<td width=\"59\"><strong>Animal<\/strong><\/td>\n<td width=\"83\"><strong>Nome<\/strong><\/td>\n<td width=\"56\">Nasc.<\/td>\n<td width=\"53\"><strong>Peso em 02\/04\/26<\/strong><\/td>\n<td width=\"53\"><strong>PTA<\/strong><\/td>\n<td width=\"51\"><strong>Categoria<\/strong><\/td>\n<td width=\"102\"><strong>M\u00e3e<\/strong><\/td>\n<td width=\"98\"><strong>Melhor lacta\u00e7\u00e3o materna<\/strong><\/td>\n<td width=\"106\"><strong>Melhor lacta\u00e7\u00e3o av\u00f3 materna<\/strong><\/td>\n<td width=\"132\"><strong>Pai<\/strong><\/td>\n<td width=\"104\"><strong>Melhor lacta\u00e7\u00e3o da av\u00f3 paterna<\/strong><\/td>\n<\/tr>\n<tr>\n<td width=\"59\">IZ 1205<\/td>\n<td width=\"83\">At\u00e9 do IZ<\/td>\n<td width=\"56\">13\/12\/24<\/td>\n<td width=\"53\">200 kg<\/td>\n<td width=\"53\">+ 76<\/td>\n<td width=\"51\">s\/regis<\/td>\n<td width=\"102\">Unha da UPD<\/td>\n<td width=\"98\">(2<sup>a<\/sup>) 1.092 kg<\/td>\n<td width=\"106\">(2<sup>a<\/sup>) 3.364 kg<\/td>\n<td width=\"132\">Campon\u00eas da Laguna<\/td>\n<td width=\"104\">3.601 kg<\/td>\n<\/tr>\n<tr>\n<td width=\"59\">IZ 1206<\/td>\n<td width=\"83\">Anatel do IZ<\/td>\n<td width=\"56\">13\/12\/24<\/td>\n<td width=\"53\">200 kg<\/td>\n<td width=\"53\">+ 69<\/td>\n<td width=\"51\">s\/regis<\/td>\n<td width=\"102\">Valise da UPD<\/td>\n<td width=\"98\">(1<sup>a<\/sup>) 1.154 kg<\/td>\n<td width=\"106\">(2\u00aa) 1.947 kg<\/td>\n<td width=\"132\">Campon\u00eas da Laguna<\/td>\n<td width=\"104\">3.601 kg<\/td>\n<\/tr>\n<tr>\n<td width=\"59\">IZ 1207<\/td>\n<td width=\"83\">Av\u00e1 do IZ<\/td>\n<td width=\"56\">16\/12\/24<\/td>\n<td width=\"53\">225 kg<\/td>\n<td width=\"53\">+ 153<\/td>\n<td width=\"51\">PC3<\/td>\n<td width=\"102\">Pachorra da UPD<\/td>\n<td width=\"98\">(5<sup>a<\/sup>) 2.684 kg<\/td>\n<td width=\"106\">(9<sup>a<\/sup>) 3.137 kg<\/td>\n<td width=\"132\">Campon\u00eas da Laguna<\/td>\n<td width=\"104\">3.601 kg<\/td>\n<\/tr>\n<tr>\n<td width=\"59\">IZ 1216<\/td>\n<td width=\"83\">Batata do IZ<\/td>\n<td width=\"56\">31\/01\/25<\/td>\n<td width=\"53\">173 kg<\/td>\n<td width=\"53\">+ 207<\/td>\n<td width=\"51\">PC3<\/td>\n<td width=\"102\">Onga da UPD<\/td>\n<td width=\"98\">(1<sup>a<\/sup>) 2.269 kg<\/td>\n<td width=\"106\">(5<sup>a<\/sup>) 2.108 kg<\/td>\n<td width=\"132\">Deputado da Laguna<\/td>\n<td width=\"104\">4.546 kg<\/td>\n<\/tr>\n<\/tbody>\n<\/table>\n","protected":false},"excerpt":{"rendered":"<p>Animal Nome Nasc. Peso em 02\/04\/26 PTA Categoria M\u00e3e Melhor lacta\u00e7\u00e3o materna Melhor lacta\u00e7\u00e3o av\u00f3 materna Pai Melhor lacta\u00e7\u00e3o da av\u00f3 paterna IZ 1205 At\u00e9 do IZ 13\/12\/24 200 kg + 76 s\/regis Unha da UPD (2a) 1.092 kg (2a) 3.364 kg Campon\u00eas da Laguna 3.601 kg IZ 1206 Anatel do IZ 13\/12\/24 200 kg [&hellip;]<\/p>\n","protected":false},"featured_media":577,"template":"","meta":{"_uag_custom_page_level_css":"","site-sidebar-layout":"default","site-content-layout":"","ast-site-content-layout":"default","site-content-style":"default","site-sidebar-style":"default","ast-global-header-display":"","ast-banner-title-visibility":"","ast-main-header-display":"","ast-hfb-above-header-display":"","ast-hfb-below-header-display":"","ast-hfb-mobile-header-display":"","site-post-title":"","ast-breadcrumbs-content":"","ast-featured-img":"","footer-sml-layout":"","ast-disable-related-posts":"","theme-transparent-header-meta":"default","adv-header-id-meta":"","stick-header-meta":"","header-above-stick-meta":"","header-main-stick-meta":"","header-below-stick-meta":"","astra-migrate-meta-layouts":"set","ast-page-background-enabled":"default","ast-page-background-meta":{"desktop":{"background-color":"var(--ast-global-color-4)","background-image":"","background-repeat":"repeat","background-position":"center center","background-size":"auto","background-attachment":"scroll","background-type":"","background-media":"","overlay-type":"","overlay-color":"","overlay-opacity":"","overlay-gradient":""},"tablet":{"background-color":"","background-image":"","background-repeat":"repeat","background-position":"center center","background-size":"auto","background-attachment":"scroll","background-type":"","background-media":"","overlay-type":"","overlay-color":"","overlay-opacity":"","overlay-gradient":""},"mobile":{"background-color":"","background-image":"","background-repeat":"repeat","background-position":"center center","background-size":"auto","background-attachment":"scroll","background-type":"","background-media":"","overlay-type":"","overlay-color":"","overlay-opacity":"","overlay-gradient":""}},"ast-content-background-meta":{"desktop":{"background-color":"var(--ast-global-color-5)","background-image":"","background-repeat":"repeat","background-position":"center center","background-size":"auto","background-attachment":"scroll","background-type":"","background-media":"","overlay-type":"","overlay-color":"","overlay-opacity":"","overlay-gradient":""},"tablet":{"background-color":"var(--ast-global-color-5)","background-image":"","background-repeat":"repeat","background-position":"center center","background-size":"auto","background-attachment":"scroll","background-type":"","background-media":"","overlay-type":"","overlay-color":"","overlay-opacity":"","overlay-gradient":""},"mobile":{"background-color":"var(--ast-global-color-5)","background-image":"","background-repeat":"repeat","background-position":"center center","background-size":"auto","background-attachment":"scroll","background-type":"","background-media":"","overlay-type":"","overlay-color":"","overlay-opacity":"","overlay-gradient":""}}},"product_brand":[],"product_cat":[23],"product_tag":[],"class_list":{"0":"post-606","1":"product","2":"type-product","3":"status-publish","4":"has-post-thumbnail","6":"product_cat-femeas","7":"desktop-align-left","8":"tablet-align-left","9":"mobile-align-left","11":"first","12":"instock","13":"sold-individually","14":"shipping-taxable","15":"product-type-auction"},"uagb_featured_image_src":{"full":["https:\/\/leiloes.iz.sp.gov.br\/registro\/wp-content\/uploads\/Lote-2-1.jpg",2048,1536,false],"thumbnail":["https:\/\/leiloes.iz.sp.gov.br\/registro\/wp-content\/uploads\/Lote-2-1-150x150.jpg",150,150,true],"medium":["https:\/\/leiloes.iz.sp.gov.br\/registro\/wp-content\/uploads\/Lote-2-1-300x225.jpg",300,225,true],"medium_large":["https:\/\/leiloes.iz.sp.gov.br\/registro\/wp-content\/uploads\/Lote-2-1-768x576.jpg",768,576,true],"large":["https:\/\/leiloes.iz.sp.gov.br\/registro\/wp-content\/uploads\/Lote-2-1-1024x768.jpg",1024,768,true],"1536x1536":["https:\/\/leiloes.iz.sp.gov.br\/registro\/wp-content\/uploads\/Lote-2-1-1536x1152.jpg",1536,1152,true],"2048x2048":["https:\/\/leiloes.iz.sp.gov.br\/registro\/wp-content\/uploads\/Lote-2-1.jpg",2048,1536,false],"woocommerce_thumbnail":["https:\/\/leiloes.iz.sp.gov.br\/registro\/wp-content\/uploads\/Lote-2-1-300x300.jpg",300,300,true],"woocommerce_single":["https:\/\/leiloes.iz.sp.gov.br\/registro\/wp-content\/uploads\/Lote-2-1-600x450.jpg",600,450,true],"woocommerce_gallery_thumbnail":["https:\/\/leiloes.iz.sp.gov.br\/registro\/wp-content\/uploads\/Lote-2-1-100x100.jpg",100,100,true]},"uagb_author_info":{"display_name":"teixeira","author_link":"https:\/\/leiloes.iz.sp.gov.br\/registro\/author\/"},"uagb_comment_info":0,"uagb_excerpt":"Animal Nome Nasc. Peso em 02\/04\/26 PTA Categoria M\u00e3e Melhor lacta\u00e7\u00e3o materna Melhor lacta\u00e7\u00e3o av\u00f3 materna Pai Melhor lacta\u00e7\u00e3o da av\u00f3 paterna IZ 1205 At\u00e9 do IZ 13\/12\/24 200 kg + 76 s\/regis Unha da UPD (2a) 1.092 kg (2a) 3.364 kg Campon\u00eas da Laguna 3.601 kg IZ 1206 Anatel do IZ 13\/12\/24 200 kg&hellip;","_links":{"self":[{"href":"https:\/\/leiloes.iz.sp.gov.br\/registro\/wp-json\/wp\/v2\/product\/606","targetHints":{"allow":["GET"]}}],"collection":[{"href":"https:\/\/leiloes.iz.sp.gov.br\/registro\/wp-json\/wp\/v2\/product"}],"about":[{"href":"https:\/\/leiloes.iz.sp.gov.br\/registro\/wp-json\/wp\/v2\/types\/product"}],"wp:featuredmedia":[{"embeddable":true,"href":"https:\/\/leiloes.iz.sp.gov.br\/registro\/wp-json\/wp\/v2\/media\/577"}],"wp:attachment":[{"href":"https:\/\/leiloes.iz.sp.gov.br\/registro\/wp-json\/wp\/v2\/media?parent=606"}],"wp:term":[{"taxonomy":"product_brand","embeddable":true,"href":"https:\/\/leiloes.iz.sp.gov.br\/registro\/wp-json\/wp\/v2\/product_brand?post=606"},{"taxonomy":"product_cat","embeddable":true,"href":"https:\/\/leiloes.iz.sp.gov.br\/registro\/wp-json\/wp\/v2\/product_cat?post=606"},{"taxonomy":"product_tag","embeddable":true,"href":"https:\/\/leiloes.iz.sp.gov.br\/registro\/wp-json\/wp\/v2\/product_tag?post=606"}],"curies":[{"name":"wp","href":"https:\/\/api.w.org\/{rel}","templated":true}]}}