{"id":607,"date":"2026-04-07T10:27:14","date_gmt":"2026-04-07T13:27:14","guid":{"rendered":"https:\/\/leiloes.iz.sp.gov.br\/registro\/?post_type=product&#038;p=607"},"modified":"2026-04-07T11:03:40","modified_gmt":"2026-04-07T14:03:40","slug":"lote-3-bufalas-leiteiras","status":"publish","type":"product","link":"https:\/\/leiloes.iz.sp.gov.br\/registro\/produto\/lote-3-bufalas-leiteiras\/","title":{"rendered":"Lote 03 \u2013 B\u00fafalas Leiteiras"},"content":{"rendered":"<table width=\"1000\">\n<tbody>\n<tr>\n<td width=\"57\"><strong>Animal<\/strong><\/td>\n<td width=\"76\"><strong>Nome<\/strong><\/td>\n<td width=\"49\">\n<h6>Nasc.<\/h6>\n<\/td>\n<td width=\"49\"><strong>Peso em 02\/04\/26<\/strong><\/td>\n<td width=\"45\"><strong>PTA<\/strong><\/td>\n<td width=\"49\"><strong>Categoria<\/strong><\/td>\n<td width=\"49\"><strong>Lacta\u00e7\u00f5es<\/strong><\/td>\n<td width=\"68\"><strong>Melhor Lacta\u00e7\u00e3o<\/strong><\/td>\n<td width=\"57\"><strong>M\u00e3e<\/strong><\/td>\n<td width=\"95\"><strong>Melhor lacta\u00e7\u00e3o materna<\/strong><\/td>\n<td width=\"94\"><strong>Melhor lacta\u00e7\u00e3o av\u00f3 materna<\/strong><\/td>\n<td width=\"95\"><strong>Pai<\/strong><\/td>\n<td width=\"123\"><strong>Melhor lacta\u00e7\u00e3o da av\u00f3 paterna<\/strong><\/td>\n<\/tr>\n<tr>\n<td width=\"57\">UPD743<\/td>\n<td width=\"76\">Java da UPD<\/td>\n<td width=\"49\">16\/12\/10<\/td>\n<td width=\"49\">610 kg<\/td>\n<td width=\"45\">+ 214<\/td>\n<td width=\"49\">PA3<\/td>\n<td width=\"49\">6<\/td>\n<td width=\"68\">(2<sup>a<\/sup>)2.659 kg<\/td>\n<td width=\"57\">UPD638<\/td>\n<td width=\"95\">(3<sup>a<\/sup>) 1.345 kg<\/td>\n<td width=\"94\">(8<sup>a<\/sup>) 1.632 kg<\/td>\n<td width=\"95\">Nobre da Laguna<\/td>\n<td width=\"123\">5.875 kg<\/td>\n<\/tr>\n<tr>\n<td width=\"57\">UPD763<\/td>\n<td width=\"76\">LambretadaUPD<\/td>\n<td width=\"49\">05\/09\/11<\/td>\n<td width=\"49\">672 kg<\/td>\n<td width=\"45\">+ 287<\/td>\n<td width=\"49\">PA2<\/td>\n<td width=\"49\">7<\/td>\n<td width=\"68\">(3<sup>a<\/sup>)2.869 kg<\/td>\n<td width=\"57\">UPD588<\/td>\n<td width=\"95\">(5<sup>a<\/sup>) 1.796 kg<\/td>\n<td width=\"94\">(7<sup>a<\/sup>) 2.494 kg<\/td>\n<td width=\"95\">Hangar da Inga\u00ed<\/td>\n<td width=\"123\">3.951 kg<\/td>\n<\/tr>\n<tr>\n<td width=\"57\">UPD769<\/td>\n<td width=\"76\">Lan\u00e7a da UPD<\/td>\n<td width=\"49\">03\/11\/11<\/td>\n<td width=\"49\">504 kg<\/td>\n<td width=\"45\">+ 392<\/td>\n<td width=\"49\">PA2<\/td>\n<td width=\"49\">9<\/td>\n<td width=\"68\">(6<sup>a<\/sup>)2.944 kg<\/td>\n<td width=\"57\">UPD4135<\/td>\n<td width=\"95\">(7<sup>a<\/sup>) 2.279 kg<\/td>\n<td width=\"94\">desconhecida<\/td>\n<td width=\"95\">Guatambu da Inga\u00ed<\/td>\n<td width=\"123\">4.148 kg<\/td>\n<\/tr>\n<\/tbody>\n<\/table>\n","protected":false},"excerpt":{"rendered":"<p>Animal Nome Nasc. Peso em 02\/04\/26 PTA Categoria Lacta\u00e7\u00f5es Melhor Lacta\u00e7\u00e3o M\u00e3e Melhor lacta\u00e7\u00e3o materna Melhor lacta\u00e7\u00e3o av\u00f3 materna Pai Melhor lacta\u00e7\u00e3o da av\u00f3 paterna UPD743 Java da UPD 16\/12\/10 610 kg + 214 PA3 6 (2a)2.659 kg UPD638 (3a) 1.345 kg (8a) 1.632 kg Nobre da Laguna 5.875 kg UPD763 LambretadaUPD 05\/09\/11 672 kg [&hellip;]<\/p>\n","protected":false},"featured_media":580,"template":"","meta":{"_uag_custom_page_level_css":"","site-sidebar-layout":"default","site-content-layout":"","ast-site-content-layout":"default","site-content-style":"default","site-sidebar-style":"default","ast-global-header-display":"","ast-banner-title-visibility":"","ast-main-header-display":"","ast-hfb-above-header-display":"","ast-hfb-below-header-display":"","ast-hfb-mobile-header-display":"","site-post-title":"","ast-breadcrumbs-content":"","ast-featured-img":"","footer-sml-layout":"","ast-disable-related-posts":"","theme-transparent-header-meta":"default","adv-header-id-meta":"","stick-header-meta":"","header-above-stick-meta":"","header-main-stick-meta":"","header-below-stick-meta":"","astra-migrate-meta-layouts":"set","ast-page-background-enabled":"default","ast-page-background-meta":{"desktop":{"background-color":"var(--ast-global-color-4)","background-image":"","background-repeat":"repeat","background-position":"center center","background-size":"auto","background-attachment":"scroll","background-type":"","background-media":"","overlay-type":"","overlay-color":"","overlay-opacity":"","overlay-gradient":""},"tablet":{"background-color":"","background-image":"","background-repeat":"repeat","background-position":"center center","background-size":"auto","background-attachment":"scroll","background-type":"","background-media":"","overlay-type":"","overlay-color":"","overlay-opacity":"","overlay-gradient":""},"mobile":{"background-color":"","background-image":"","background-repeat":"repeat","background-position":"center center","background-size":"auto","background-attachment":"scroll","background-type":"","background-media":"","overlay-type":"","overlay-color":"","overlay-opacity":"","overlay-gradient":""}},"ast-content-background-meta":{"desktop":{"background-color":"var(--ast-global-color-5)","background-image":"","background-repeat":"repeat","background-position":"center center","background-size":"auto","background-attachment":"scroll","background-type":"","background-media":"","overlay-type":"","overlay-color":"","overlay-opacity":"","overlay-gradient":""},"tablet":{"background-color":"var(--ast-global-color-5)","background-image":"","background-repeat":"repeat","background-position":"center center","background-size":"auto","background-attachment":"scroll","background-type":"","background-media":"","overlay-type":"","overlay-color":"","overlay-opacity":"","overlay-gradient":""},"mobile":{"background-color":"var(--ast-global-color-5)","background-image":"","background-repeat":"repeat","background-position":"center center","background-size":"auto","background-attachment":"scroll","background-type":"","background-media":"","overlay-type":"","overlay-color":"","overlay-opacity":"","overlay-gradient":""}}},"product_brand":[],"product_cat":[23],"product_tag":[],"class_list":{"0":"post-607","1":"product","2":"type-product","3":"status-publish","4":"has-post-thumbnail","6":"product_cat-femeas","7":"desktop-align-left","8":"tablet-align-left","9":"mobile-align-left","11":"first","12":"instock","13":"sold-individually","14":"shipping-taxable","15":"product-type-auction"},"uagb_featured_image_src":{"full":["https:\/\/leiloes.iz.sp.gov.br\/registro\/wp-content\/uploads\/Lote-3-1.jpg",1536,2048,false],"thumbnail":["https:\/\/leiloes.iz.sp.gov.br\/registro\/wp-content\/uploads\/Lote-3-1-150x150.jpg",150,150,true],"medium":["https:\/\/leiloes.iz.sp.gov.br\/registro\/wp-content\/uploads\/Lote-3-1-225x300.jpg",225,300,true],"medium_large":["https:\/\/leiloes.iz.sp.gov.br\/registro\/wp-content\/uploads\/Lote-3-1-768x1024.jpg",768,1024,true],"large":["https:\/\/leiloes.iz.sp.gov.br\/registro\/wp-content\/uploads\/Lote-3-1-768x1024.jpg",768,1024,true],"1536x1536":["https:\/\/leiloes.iz.sp.gov.br\/registro\/wp-content\/uploads\/Lote-3-1-1152x1536.jpg",1152,1536,true],"2048x2048":["https:\/\/leiloes.iz.sp.gov.br\/registro\/wp-content\/uploads\/Lote-3-1.jpg",1536,2048,false],"woocommerce_thumbnail":["https:\/\/leiloes.iz.sp.gov.br\/registro\/wp-content\/uploads\/Lote-3-1-300x300.jpg",300,300,true],"woocommerce_single":["https:\/\/leiloes.iz.sp.gov.br\/registro\/wp-content\/uploads\/Lote-3-1-600x800.jpg",600,800,true],"woocommerce_gallery_thumbnail":["https:\/\/leiloes.iz.sp.gov.br\/registro\/wp-content\/uploads\/Lote-3-1-100x100.jpg",100,100,true]},"uagb_author_info":{"display_name":"teixeira","author_link":"https:\/\/leiloes.iz.sp.gov.br\/registro\/author\/"},"uagb_comment_info":0,"uagb_excerpt":"Animal Nome Nasc. Peso em 02\/04\/26 PTA Categoria Lacta\u00e7\u00f5es Melhor Lacta\u00e7\u00e3o M\u00e3e Melhor lacta\u00e7\u00e3o materna Melhor lacta\u00e7\u00e3o av\u00f3 materna Pai Melhor lacta\u00e7\u00e3o da av\u00f3 paterna UPD743 Java da UPD 16\/12\/10 610 kg + 214 PA3 6 (2a)2.659 kg UPD638 (3a) 1.345 kg (8a) 1.632 kg Nobre da Laguna 5.875 kg UPD763 LambretadaUPD 05\/09\/11 672 kg&hellip;","_links":{"self":[{"href":"https:\/\/leiloes.iz.sp.gov.br\/registro\/wp-json\/wp\/v2\/product\/607","targetHints":{"allow":["GET"]}}],"collection":[{"href":"https:\/\/leiloes.iz.sp.gov.br\/registro\/wp-json\/wp\/v2\/product"}],"about":[{"href":"https:\/\/leiloes.iz.sp.gov.br\/registro\/wp-json\/wp\/v2\/types\/product"}],"wp:featuredmedia":[{"embeddable":true,"href":"https:\/\/leiloes.iz.sp.gov.br\/registro\/wp-json\/wp\/v2\/media\/580"}],"wp:attachment":[{"href":"https:\/\/leiloes.iz.sp.gov.br\/registro\/wp-json\/wp\/v2\/media?parent=607"}],"wp:term":[{"taxonomy":"product_brand","embeddable":true,"href":"https:\/\/leiloes.iz.sp.gov.br\/registro\/wp-json\/wp\/v2\/product_brand?post=607"},{"taxonomy":"product_cat","embeddable":true,"href":"https:\/\/leiloes.iz.sp.gov.br\/registro\/wp-json\/wp\/v2\/product_cat?post=607"},{"taxonomy":"product_tag","embeddable":true,"href":"https:\/\/leiloes.iz.sp.gov.br\/registro\/wp-json\/wp\/v2\/product_tag?post=607"}],"curies":[{"name":"wp","href":"https:\/\/api.w.org\/{rel}","templated":true}]}}