{"id":608,"date":"2026-04-07T10:29:13","date_gmt":"2026-04-07T13:29:13","guid":{"rendered":"https:\/\/leiloes.iz.sp.gov.br\/registro\/?post_type=product&#038;p=608"},"modified":"2026-04-16T10:03:10","modified_gmt":"2026-04-16T13:03:10","slug":"lote-4-bufalas-leiteiras","status":"publish","type":"product","link":"https:\/\/leiloes.iz.sp.gov.br\/registro\/produto\/lote-4-bufalas-leiteiras\/","title":{"rendered":"Lote 04 \u2013 B\u00fafalas Leiteiras"},"content":{"rendered":"<table width=\"1000\">\n<tbody>\n<tr>\n<td width=\"57\"><strong>Animal<\/strong><\/td>\n<td width=\"76\"><strong>Nome<\/strong><\/td>\n<td width=\"49\">\n<h6>Nasc.<\/h6>\n<\/td>\n<td width=\"49\"><strong>Peso em 02\/04\/26<\/strong><\/td>\n<td width=\"45\"><strong>PTA<\/strong><\/td>\n<td width=\"49\"><strong>Categoria<\/strong><\/td>\n<td width=\"49\"><strong>Lacta\u00e7\u00f5es<\/strong><\/td>\n<td width=\"68\"><strong>Melhor Lacta\u00e7\u00e3o<\/strong><\/td>\n<td width=\"57\"><strong>M\u00e3e<\/strong><\/td>\n<td width=\"95\"><strong>Melhor lacta\u00e7\u00e3o materna<\/strong><\/td>\n<td width=\"94\"><strong>Melhor lacta\u00e7\u00e3o av\u00f3 materna<\/strong><\/td>\n<td width=\"95\"><strong>Pai<\/strong><\/td>\n<td width=\"123\"><strong>Melhor lacta\u00e7\u00e3o da av\u00f3 paterna<\/strong><\/td>\n<\/tr>\n<tr>\n<td width=\"57\">UPD870<\/td>\n<td width=\"76\">Onga da UPD<\/td>\n<td width=\"49\">01\/11\/14<\/td>\n<td width=\"49\">620 kg<\/td>\n<td width=\"45\">+ 168<\/td>\n<td width=\"49\">PA2<\/td>\n<td width=\"49\">3<\/td>\n<td width=\"68\">(1<sup>a<\/sup>)2.269 kg<\/td>\n<td width=\"57\">UPD4139<\/td>\n<td width=\"95\">(5<sup>a<\/sup>) 2.108 kg<\/td>\n<td width=\"94\">desconhecida<\/td>\n<td width=\"95\">Hangar da Inga\u00ed<\/td>\n<td width=\"123\">3.951 kg<\/td>\n<\/tr>\n<tr>\n<td width=\"57\">UPD879<\/td>\n<td width=\"76\">Pacov\u00e1 daUPD<\/td>\n<td width=\"49\">26\/01\/15<\/td>\n<td width=\"49\">560 kg<\/td>\n<td width=\"45\">+ 240<\/td>\n<td width=\"49\">PA3<\/td>\n<td width=\"49\">5<\/td>\n<td width=\"68\">(2<sup>a<\/sup>)2.628 kg<\/td>\n<td width=\"57\">UPD657<\/td>\n<td width=\"95\">(5<sup>a<\/sup>) 2.339 kg<\/td>\n<td width=\"94\">(11<sup>a<\/sup>) 2.103 kg<\/td>\n<td width=\"95\">Bret\u00e3o da Inga\u00ed<\/td>\n<td width=\"123\">3.538 kg<\/td>\n<\/tr>\n<tr>\n<td width=\"57\">UPD881<\/td>\n<td width=\"76\">PaisagemdaUPD<\/td>\n<td width=\"49\">06\/08\/15<\/td>\n<td width=\"49\">535 kg<\/td>\n<td width=\"45\">+ 134<\/td>\n<td width=\"49\">PA3<\/td>\n<td width=\"49\">4<\/td>\n<td width=\"68\">(3<sup>a<\/sup>)2.033 kg<\/td>\n<td width=\"57\">UPD654<\/td>\n<td width=\"95\">(3<sup>a<\/sup>) 1.598 kg<\/td>\n<td width=\"94\">(5<sup>a<\/sup>) 1.712 kg<\/td>\n<td width=\"95\">Vancouver da Inga\u00ed<\/td>\n<td width=\"123\">4.108 kg<\/td>\n<\/tr>\n<\/tbody>\n<\/table>\n","protected":false},"excerpt":{"rendered":"<p>Animal Nome Nasc. Peso em 02\/04\/26 PTA Categoria Lacta\u00e7\u00f5es Melhor Lacta\u00e7\u00e3o M\u00e3e Melhor lacta\u00e7\u00e3o materna Melhor lacta\u00e7\u00e3o av\u00f3 materna Pai Melhor lacta\u00e7\u00e3o da av\u00f3 paterna UPD870 Onga da UPD 01\/11\/14 620 kg + 168 PA2 3 (1a)2.269 kg UPD4139 (5a) 2.108 kg desconhecida Hangar da Inga\u00ed 3.951 kg UPD879 Pacov\u00e1 daUPD 26\/01\/15 560 kg + [&hellip;]<\/p>\n","protected":false},"featured_media":583,"template":"","meta":{"_uag_custom_page_level_css":"","site-sidebar-layout":"default","site-content-layout":"","ast-site-content-layout":"default","site-content-style":"default","site-sidebar-style":"default","ast-global-header-display":"","ast-banner-title-visibility":"","ast-main-header-display":"","ast-hfb-above-header-display":"","ast-hfb-below-header-display":"","ast-hfb-mobile-header-display":"","site-post-title":"","ast-breadcrumbs-content":"","ast-featured-img":"","footer-sml-layout":"","ast-disable-related-posts":"","theme-transparent-header-meta":"default","adv-header-id-meta":"","stick-header-meta":"","header-above-stick-meta":"","header-main-stick-meta":"","header-below-stick-meta":"","astra-migrate-meta-layouts":"set","ast-page-background-enabled":"default","ast-page-background-meta":{"desktop":{"background-color":"var(--ast-global-color-4)","background-image":"","background-repeat":"repeat","background-position":"center center","background-size":"auto","background-attachment":"scroll","background-type":"","background-media":"","overlay-type":"","overlay-color":"","overlay-opacity":"","overlay-gradient":""},"tablet":{"background-color":"","background-image":"","background-repeat":"repeat","background-position":"center center","background-size":"auto","background-attachment":"scroll","background-type":"","background-media":"","overlay-type":"","overlay-color":"","overlay-opacity":"","overlay-gradient":""},"mobile":{"background-color":"","background-image":"","background-repeat":"repeat","background-position":"center center","background-size":"auto","background-attachment":"scroll","background-type":"","background-media":"","overlay-type":"","overlay-color":"","overlay-opacity":"","overlay-gradient":""}},"ast-content-background-meta":{"desktop":{"background-color":"var(--ast-global-color-5)","background-image":"","background-repeat":"repeat","background-position":"center center","background-size":"auto","background-attachment":"scroll","background-type":"","background-media":"","overlay-type":"","overlay-color":"","overlay-opacity":"","overlay-gradient":""},"tablet":{"background-color":"var(--ast-global-color-5)","background-image":"","background-repeat":"repeat","background-position":"center center","background-size":"auto","background-attachment":"scroll","background-type":"","background-media":"","overlay-type":"","overlay-color":"","overlay-opacity":"","overlay-gradient":""},"mobile":{"background-color":"var(--ast-global-color-5)","background-image":"","background-repeat":"repeat","background-position":"center center","background-size":"auto","background-attachment":"scroll","background-type":"","background-media":"","overlay-type":"","overlay-color":"","overlay-opacity":"","overlay-gradient":""}}},"product_brand":[],"product_cat":[23],"product_tag":[],"class_list":{"0":"post-608","1":"product","2":"type-product","3":"status-publish","4":"has-post-thumbnail","6":"product_cat-femeas","7":"desktop-align-left","8":"tablet-align-left","9":"mobile-align-left","11":"first","12":"outofstock","13":"sold-individually","14":"shipping-taxable","15":"product-type-auction"},"uagb_featured_image_src":{"full":["https:\/\/leiloes.iz.sp.gov.br\/registro\/wp-content\/uploads\/Lote-4-1.jpg",2048,1536,false],"thumbnail":["https:\/\/leiloes.iz.sp.gov.br\/registro\/wp-content\/uploads\/Lote-4-1-150x150.jpg",150,150,true],"medium":["https:\/\/leiloes.iz.sp.gov.br\/registro\/wp-content\/uploads\/Lote-4-1-300x225.jpg",300,225,true],"medium_large":["https:\/\/leiloes.iz.sp.gov.br\/registro\/wp-content\/uploads\/Lote-4-1-768x576.jpg",768,576,true],"large":["https:\/\/leiloes.iz.sp.gov.br\/registro\/wp-content\/uploads\/Lote-4-1-1024x768.jpg",1024,768,true],"1536x1536":["https:\/\/leiloes.iz.sp.gov.br\/registro\/wp-content\/uploads\/Lote-4-1-1536x1152.jpg",1536,1152,true],"2048x2048":["https:\/\/leiloes.iz.sp.gov.br\/registro\/wp-content\/uploads\/Lote-4-1.jpg",2048,1536,false],"woocommerce_thumbnail":["https:\/\/leiloes.iz.sp.gov.br\/registro\/wp-content\/uploads\/Lote-4-1-300x300.jpg",300,300,true],"woocommerce_single":["https:\/\/leiloes.iz.sp.gov.br\/registro\/wp-content\/uploads\/Lote-4-1-600x450.jpg",600,450,true],"woocommerce_gallery_thumbnail":["https:\/\/leiloes.iz.sp.gov.br\/registro\/wp-content\/uploads\/Lote-4-1-100x100.jpg",100,100,true]},"uagb_author_info":{"display_name":"teixeira","author_link":"https:\/\/leiloes.iz.sp.gov.br\/registro\/author\/"},"uagb_comment_info":0,"uagb_excerpt":"Animal Nome Nasc. Peso em 02\/04\/26 PTA Categoria Lacta\u00e7\u00f5es Melhor Lacta\u00e7\u00e3o M\u00e3e Melhor lacta\u00e7\u00e3o materna Melhor lacta\u00e7\u00e3o av\u00f3 materna Pai Melhor lacta\u00e7\u00e3o da av\u00f3 paterna UPD870 Onga da UPD 01\/11\/14 620 kg + 168 PA2 3 (1a)2.269 kg UPD4139 (5a) 2.108 kg desconhecida Hangar da Inga\u00ed 3.951 kg UPD879 Pacov\u00e1 daUPD 26\/01\/15 560 kg +&hellip;","_links":{"self":[{"href":"https:\/\/leiloes.iz.sp.gov.br\/registro\/wp-json\/wp\/v2\/product\/608","targetHints":{"allow":["GET"]}}],"collection":[{"href":"https:\/\/leiloes.iz.sp.gov.br\/registro\/wp-json\/wp\/v2\/product"}],"about":[{"href":"https:\/\/leiloes.iz.sp.gov.br\/registro\/wp-json\/wp\/v2\/types\/product"}],"wp:featuredmedia":[{"embeddable":true,"href":"https:\/\/leiloes.iz.sp.gov.br\/registro\/wp-json\/wp\/v2\/media\/583"}],"wp:attachment":[{"href":"https:\/\/leiloes.iz.sp.gov.br\/registro\/wp-json\/wp\/v2\/media?parent=608"}],"wp:term":[{"taxonomy":"product_brand","embeddable":true,"href":"https:\/\/leiloes.iz.sp.gov.br\/registro\/wp-json\/wp\/v2\/product_brand?post=608"},{"taxonomy":"product_cat","embeddable":true,"href":"https:\/\/leiloes.iz.sp.gov.br\/registro\/wp-json\/wp\/v2\/product_cat?post=608"},{"taxonomy":"product_tag","embeddable":true,"href":"https:\/\/leiloes.iz.sp.gov.br\/registro\/wp-json\/wp\/v2\/product_tag?post=608"}],"curies":[{"name":"wp","href":"https:\/\/api.w.org\/{rel}","templated":true}]}}