{"id":609,"date":"2026-04-07T10:31:04","date_gmt":"2026-04-07T13:31:04","guid":{"rendered":"https:\/\/leiloes.iz.sp.gov.br\/registro\/?post_type=product&#038;p=609"},"modified":"2026-04-16T10:03:10","modified_gmt":"2026-04-16T13:03:10","slug":"lote-5-bufalas-leiteiras","status":"publish","type":"product","link":"https:\/\/leiloes.iz.sp.gov.br\/registro\/produto\/lote-5-bufalas-leiteiras\/","title":{"rendered":"Lote 05 \u2013 B\u00fafalas Leiteiras"},"content":{"rendered":"<table width=\"1000\">\n<tbody>\n<tr>\n<td width=\"57\"><strong>Animal<\/strong><\/td>\n<td width=\"76\"><strong>Nome<\/strong><\/td>\n<td width=\"49\">\n<h6>Nasc.<\/h6>\n<\/td>\n<td width=\"49\"><strong>Peso em 02\/04\/26<\/strong><\/td>\n<td width=\"45\"><strong>PTA<\/strong><\/td>\n<td width=\"49\"><strong>Categoria<\/strong><\/td>\n<td width=\"49\"><strong>Lacta\u00e7\u00f5es<\/strong><\/td>\n<td width=\"68\"><strong>Melhor Lacta\u00e7\u00e3o<\/strong><\/td>\n<td width=\"57\"><strong>M\u00e3e<\/strong><\/td>\n<td width=\"95\"><strong>Melhor lacta\u00e7\u00e3o materna<\/strong><\/td>\n<td width=\"94\"><strong>Melhor lacta\u00e7\u00e3o av\u00f3 materna<\/strong><\/td>\n<td width=\"95\"><strong>Pai<\/strong><\/td>\n<td width=\"123\"><strong>Melhor lacta\u00e7\u00e3o da av\u00f3 paterna<\/strong><\/td>\n<\/tr>\n<tr>\n<td width=\"57\">UPD886<\/td>\n<td width=\"76\">Palha da UPD<\/td>\n<td width=\"49\">10\/09\/15<\/td>\n<td width=\"49\">540 kg<\/td>\n<td width=\"45\">+ 179<\/td>\n<td width=\"49\">PO<\/td>\n<td width=\"49\">5<\/td>\n<td width=\"68\">(4<sup>a<\/sup>)2.338 kg<\/td>\n<td width=\"57\">WB3253<\/td>\n<td width=\"95\">(1<sup>a<\/sup>) 3.650 kg<\/td>\n<td width=\"94\">desconhecida<\/td>\n<td width=\"95\">Bret\u00e3o da Inga\u00ed<\/td>\n<td width=\"123\">3.538 kg<\/td>\n<\/tr>\n<tr>\n<td width=\"57\">UPD891<\/td>\n<td width=\"76\">PalmilhadaUPD<\/td>\n<td width=\"49\">29\/10\/15<\/td>\n<td width=\"49\">536 kg<\/td>\n<td width=\"45\">+ 193<\/td>\n<td width=\"49\">PA3<\/td>\n<td width=\"49\">4<\/td>\n<td width=\"68\">(4<sup>a<\/sup>)1.730 kg<\/td>\n<td width=\"57\">UPD694<\/td>\n<td width=\"95\">(6<sup>a<\/sup>) 3.137 kg<\/td>\n<td width=\"94\">(3<sup>a<\/sup>) 1.215 kg<\/td>\n<td width=\"95\">Bret\u00e3o da Inga\u00ed<\/td>\n<td width=\"123\">3.538 kg<\/td>\n<\/tr>\n<tr>\n<td width=\"57\">UPD967<\/td>\n<td width=\"76\">Sabi\u00e1 da UPD<\/td>\n<td width=\"49\">13\/01\/18<\/td>\n<td width=\"49\">508 kg<\/td>\n<td width=\"45\">+ 75<\/td>\n<td width=\"49\">PO<\/td>\n<td width=\"49\">3<\/td>\n<td width=\"68\">(2<sup>a<\/sup>)2.119 kg<\/td>\n<td width=\"57\">UPD876<\/td>\n<td width=\"95\">(2<sup>a<\/sup>) 1.694 kg<\/td>\n<td width=\"94\">(2<sup>a<\/sup>) 1.680 kg<\/td>\n<td width=\"95\">Campon\u00eas da Laguna<\/td>\n<td width=\"123\">3.601 kg<\/td>\n<\/tr>\n<\/tbody>\n<\/table>\n","protected":false},"excerpt":{"rendered":"<p>Animal Nome Nasc. Peso em 02\/04\/26 PTA Categoria Lacta\u00e7\u00f5es Melhor Lacta\u00e7\u00e3o M\u00e3e Melhor lacta\u00e7\u00e3o materna Melhor lacta\u00e7\u00e3o av\u00f3 materna Pai Melhor lacta\u00e7\u00e3o da av\u00f3 paterna UPD886 Palha da UPD 10\/09\/15 540 kg + 179 PO 5 (4a)2.338 kg WB3253 (1a) 3.650 kg desconhecida Bret\u00e3o da Inga\u00ed 3.538 kg UPD891 PalmilhadaUPD 29\/10\/15 536 kg + 193 [&hellip;]<\/p>\n","protected":false},"featured_media":586,"template":"","meta":{"_uag_custom_page_level_css":"","site-sidebar-layout":"default","site-content-layout":"","ast-site-content-layout":"default","site-content-style":"default","site-sidebar-style":"default","ast-global-header-display":"","ast-banner-title-visibility":"","ast-main-header-display":"","ast-hfb-above-header-display":"","ast-hfb-below-header-display":"","ast-hfb-mobile-header-display":"","site-post-title":"","ast-breadcrumbs-content":"","ast-featured-img":"","footer-sml-layout":"","ast-disable-related-posts":"","theme-transparent-header-meta":"default","adv-header-id-meta":"","stick-header-meta":"","header-above-stick-meta":"","header-main-stick-meta":"","header-below-stick-meta":"","astra-migrate-meta-layouts":"set","ast-page-background-enabled":"default","ast-page-background-meta":{"desktop":{"background-color":"var(--ast-global-color-4)","background-image":"","background-repeat":"repeat","background-position":"center center","background-size":"auto","background-attachment":"scroll","background-type":"","background-media":"","overlay-type":"","overlay-color":"","overlay-opacity":"","overlay-gradient":""},"tablet":{"background-color":"","background-image":"","background-repeat":"repeat","background-position":"center center","background-size":"auto","background-attachment":"scroll","background-type":"","background-media":"","overlay-type":"","overlay-color":"","overlay-opacity":"","overlay-gradient":""},"mobile":{"background-color":"","background-image":"","background-repeat":"repeat","background-position":"center center","background-size":"auto","background-attachment":"scroll","background-type":"","background-media":"","overlay-type":"","overlay-color":"","overlay-opacity":"","overlay-gradient":""}},"ast-content-background-meta":{"desktop":{"background-color":"var(--ast-global-color-5)","background-image":"","background-repeat":"repeat","background-position":"center center","background-size":"auto","background-attachment":"scroll","background-type":"","background-media":"","overlay-type":"","overlay-color":"","overlay-opacity":"","overlay-gradient":""},"tablet":{"background-color":"var(--ast-global-color-5)","background-image":"","background-repeat":"repeat","background-position":"center center","background-size":"auto","background-attachment":"scroll","background-type":"","background-media":"","overlay-type":"","overlay-color":"","overlay-opacity":"","overlay-gradient":""},"mobile":{"background-color":"var(--ast-global-color-5)","background-image":"","background-repeat":"repeat","background-position":"center center","background-size":"auto","background-attachment":"scroll","background-type":"","background-media":"","overlay-type":"","overlay-color":"","overlay-opacity":"","overlay-gradient":""}}},"product_brand":[],"product_cat":[23],"product_tag":[],"class_list":{"0":"post-609","1":"product","2":"type-product","3":"status-publish","4":"has-post-thumbnail","6":"product_cat-femeas","7":"desktop-align-left","8":"tablet-align-left","9":"mobile-align-left","11":"first","12":"outofstock","13":"sold-individually","14":"shipping-taxable","15":"product-type-auction"},"uagb_featured_image_src":{"full":["https:\/\/leiloes.iz.sp.gov.br\/registro\/wp-content\/uploads\/Lote-5-1.jpg",2048,1536,false],"thumbnail":["https:\/\/leiloes.iz.sp.gov.br\/registro\/wp-content\/uploads\/Lote-5-1-150x150.jpg",150,150,true],"medium":["https:\/\/leiloes.iz.sp.gov.br\/registro\/wp-content\/uploads\/Lote-5-1-300x225.jpg",300,225,true],"medium_large":["https:\/\/leiloes.iz.sp.gov.br\/registro\/wp-content\/uploads\/Lote-5-1-768x576.jpg",768,576,true],"large":["https:\/\/leiloes.iz.sp.gov.br\/registro\/wp-content\/uploads\/Lote-5-1-1024x768.jpg",1024,768,true],"1536x1536":["https:\/\/leiloes.iz.sp.gov.br\/registro\/wp-content\/uploads\/Lote-5-1-1536x1152.jpg",1536,1152,true],"2048x2048":["https:\/\/leiloes.iz.sp.gov.br\/registro\/wp-content\/uploads\/Lote-5-1.jpg",2048,1536,false],"woocommerce_thumbnail":["https:\/\/leiloes.iz.sp.gov.br\/registro\/wp-content\/uploads\/Lote-5-1-300x300.jpg",300,300,true],"woocommerce_single":["https:\/\/leiloes.iz.sp.gov.br\/registro\/wp-content\/uploads\/Lote-5-1-600x450.jpg",600,450,true],"woocommerce_gallery_thumbnail":["https:\/\/leiloes.iz.sp.gov.br\/registro\/wp-content\/uploads\/Lote-5-1-100x100.jpg",100,100,true]},"uagb_author_info":{"display_name":"teixeira","author_link":"https:\/\/leiloes.iz.sp.gov.br\/registro\/author\/"},"uagb_comment_info":0,"uagb_excerpt":"Animal Nome Nasc. Peso em 02\/04\/26 PTA Categoria Lacta\u00e7\u00f5es Melhor Lacta\u00e7\u00e3o M\u00e3e Melhor lacta\u00e7\u00e3o materna Melhor lacta\u00e7\u00e3o av\u00f3 materna Pai Melhor lacta\u00e7\u00e3o da av\u00f3 paterna UPD886 Palha da UPD 10\/09\/15 540 kg + 179 PO 5 (4a)2.338 kg WB3253 (1a) 3.650 kg desconhecida Bret\u00e3o da Inga\u00ed 3.538 kg UPD891 PalmilhadaUPD 29\/10\/15 536 kg + 193&hellip;","_links":{"self":[{"href":"https:\/\/leiloes.iz.sp.gov.br\/registro\/wp-json\/wp\/v2\/product\/609","targetHints":{"allow":["GET"]}}],"collection":[{"href":"https:\/\/leiloes.iz.sp.gov.br\/registro\/wp-json\/wp\/v2\/product"}],"about":[{"href":"https:\/\/leiloes.iz.sp.gov.br\/registro\/wp-json\/wp\/v2\/types\/product"}],"wp:featuredmedia":[{"embeddable":true,"href":"https:\/\/leiloes.iz.sp.gov.br\/registro\/wp-json\/wp\/v2\/media\/586"}],"wp:attachment":[{"href":"https:\/\/leiloes.iz.sp.gov.br\/registro\/wp-json\/wp\/v2\/media?parent=609"}],"wp:term":[{"taxonomy":"product_brand","embeddable":true,"href":"https:\/\/leiloes.iz.sp.gov.br\/registro\/wp-json\/wp\/v2\/product_brand?post=609"},{"taxonomy":"product_cat","embeddable":true,"href":"https:\/\/leiloes.iz.sp.gov.br\/registro\/wp-json\/wp\/v2\/product_cat?post=609"},{"taxonomy":"product_tag","embeddable":true,"href":"https:\/\/leiloes.iz.sp.gov.br\/registro\/wp-json\/wp\/v2\/product_tag?post=609"}],"curies":[{"name":"wp","href":"https:\/\/api.w.org\/{rel}","templated":true}]}}