{"id":611,"date":"2026-04-07T10:34:01","date_gmt":"2026-04-07T13:34:01","guid":{"rendered":"https:\/\/leiloes.iz.sp.gov.br\/registro\/?post_type=product&#038;p=611"},"modified":"2026-04-16T11:42:41","modified_gmt":"2026-04-16T14:42:41","slug":"lote-7-tourinho","status":"publish","type":"product","link":"https:\/\/leiloes.iz.sp.gov.br\/registro\/produto\/lote-7-tourinho\/","title":{"rendered":"Lote 07 \u2013 Tourinho"},"content":{"rendered":"<table width=\"977\">\n<tbody>\n<tr>\n<td width=\"60\"><strong>Animal<\/strong><\/td>\n<td width=\"95\"><strong>Nome<\/strong><\/td>\n<td width=\"53\">\n<h6>Nasc.<\/h6>\n<\/td>\n<td width=\"49\"><strong>Peso em 02\/04\/26<\/strong><\/td>\n<td width=\"53\"><strong>PTA<\/strong><\/td>\n<td width=\"47\"><strong>Categoria<\/strong><\/td>\n<td width=\"108\"><strong>M\u00e3e<\/strong><\/td>\n<td width=\"104\"><strong>Melhor lacta\u00e7\u00e3o materna<\/strong><\/td>\n<td width=\"95\"><strong>Melhor lacta\u00e7\u00e3o av\u00f3 materna<\/strong><\/td>\n<td width=\"117\"><strong>Pai<\/strong><\/td>\n<td width=\"102\"><strong>Melhor lacta\u00e7\u00e3o da av\u00f3 paterna<\/strong><\/td>\n<\/tr>\n<tr>\n<td width=\"60\">IZ 1209<\/td>\n<td width=\"95\">Bento do IZ<\/td>\n<td width=\"53\">12\/01\/25<\/td>\n<td width=\"49\">214 kg<\/td>\n<td width=\"53\">+ 257<\/td>\n<td width=\"47\">s\/regis<\/td>\n<td width=\"108\">Xepa da UPD<\/td>\n<td width=\"104\">(1\u00aa) 3.027 kg<\/td>\n<td width=\"95\">(1\u00aa) 3.242 kg<\/td>\n<td width=\"117\">Campon\u00eas da Laguna<\/td>\n<td width=\"102\">3.601 kg<\/td>\n<\/tr>\n<\/tbody>\n<\/table>\n","protected":false},"excerpt":{"rendered":"<p>Animal Nome Nasc. Peso em 02\/04\/26 PTA Categoria M\u00e3e Melhor lacta\u00e7\u00e3o materna Melhor lacta\u00e7\u00e3o av\u00f3 materna Pai Melhor lacta\u00e7\u00e3o da av\u00f3 paterna IZ 1209 Bento do IZ 12\/01\/25 214 kg + 257 s\/regis Xepa da UPD (1\u00aa) 3.027 kg (1\u00aa) 3.242 kg Campon\u00eas da Laguna 3.601 kg<\/p>\n","protected":false},"featured_media":592,"template":"","meta":{"_uag_custom_page_level_css":"","site-sidebar-layout":"default","site-content-layout":"","ast-site-content-layout":"default","site-content-style":"default","site-sidebar-style":"default","ast-global-header-display":"","ast-banner-title-visibility":"","ast-main-header-display":"","ast-hfb-above-header-display":"","ast-hfb-below-header-display":"","ast-hfb-mobile-header-display":"","site-post-title":"","ast-breadcrumbs-content":"","ast-featured-img":"","footer-sml-layout":"","ast-disable-related-posts":"","theme-transparent-header-meta":"default","adv-header-id-meta":"","stick-header-meta":"","header-above-stick-meta":"","header-main-stick-meta":"","header-below-stick-meta":"","astra-migrate-meta-layouts":"set","ast-page-background-enabled":"default","ast-page-background-meta":{"desktop":{"background-color":"var(--ast-global-color-4)","background-image":"","background-repeat":"repeat","background-position":"center center","background-size":"auto","background-attachment":"scroll","background-type":"","background-media":"","overlay-type":"","overlay-color":"","overlay-opacity":"","overlay-gradient":""},"tablet":{"background-color":"","background-image":"","background-repeat":"repeat","background-position":"center center","background-size":"auto","background-attachment":"scroll","background-type":"","background-media":"","overlay-type":"","overlay-color":"","overlay-opacity":"","overlay-gradient":""},"mobile":{"background-color":"","background-image":"","background-repeat":"repeat","background-position":"center center","background-size":"auto","background-attachment":"scroll","background-type":"","background-media":"","overlay-type":"","overlay-color":"","overlay-opacity":"","overlay-gradient":""}},"ast-content-background-meta":{"desktop":{"background-color":"var(--ast-global-color-5)","background-image":"","background-repeat":"repeat","background-position":"center center","background-size":"auto","background-attachment":"scroll","background-type":"","background-media":"","overlay-type":"","overlay-color":"","overlay-opacity":"","overlay-gradient":""},"tablet":{"background-color":"var(--ast-global-color-5)","background-image":"","background-repeat":"repeat","background-position":"center center","background-size":"auto","background-attachment":"scroll","background-type":"","background-media":"","overlay-type":"","overlay-color":"","overlay-opacity":"","overlay-gradient":""},"mobile":{"background-color":"var(--ast-global-color-5)","background-image":"","background-repeat":"repeat","background-position":"center center","background-size":"auto","background-attachment":"scroll","background-type":"","background-media":"","overlay-type":"","overlay-color":"","overlay-opacity":"","overlay-gradient":""}}},"product_brand":[],"product_cat":[22],"product_tag":[],"class_list":{"0":"post-611","1":"product","2":"type-product","3":"status-publish","4":"has-post-thumbnail","6":"product_cat-machos","7":"desktop-align-left","8":"tablet-align-left","9":"mobile-align-left","11":"first","12":"outofstock","13":"sold-individually","14":"shipping-taxable","15":"product-type-auction"},"uagb_featured_image_src":{"full":["https:\/\/leiloes.iz.sp.gov.br\/registro\/wp-content\/uploads\/Lote-7-1.jpg",1536,2048,false],"thumbnail":["https:\/\/leiloes.iz.sp.gov.br\/registro\/wp-content\/uploads\/Lote-7-1-150x150.jpg",150,150,true],"medium":["https:\/\/leiloes.iz.sp.gov.br\/registro\/wp-content\/uploads\/Lote-7-1-225x300.jpg",225,300,true],"medium_large":["https:\/\/leiloes.iz.sp.gov.br\/registro\/wp-content\/uploads\/Lote-7-1-768x1024.jpg",768,1024,true],"large":["https:\/\/leiloes.iz.sp.gov.br\/registro\/wp-content\/uploads\/Lote-7-1-768x1024.jpg",768,1024,true],"1536x1536":["https:\/\/leiloes.iz.sp.gov.br\/registro\/wp-content\/uploads\/Lote-7-1-1152x1536.jpg",1152,1536,true],"2048x2048":["https:\/\/leiloes.iz.sp.gov.br\/registro\/wp-content\/uploads\/Lote-7-1.jpg",1536,2048,false],"woocommerce_thumbnail":["https:\/\/leiloes.iz.sp.gov.br\/registro\/wp-content\/uploads\/Lote-7-1-300x300.jpg",300,300,true],"woocommerce_single":["https:\/\/leiloes.iz.sp.gov.br\/registro\/wp-content\/uploads\/Lote-7-1-600x800.jpg",600,800,true],"woocommerce_gallery_thumbnail":["https:\/\/leiloes.iz.sp.gov.br\/registro\/wp-content\/uploads\/Lote-7-1-100x100.jpg",100,100,true]},"uagb_author_info":{"display_name":"teixeira","author_link":"https:\/\/leiloes.iz.sp.gov.br\/registro\/author\/"},"uagb_comment_info":0,"uagb_excerpt":"Animal Nome Nasc. Peso em 02\/04\/26 PTA Categoria M\u00e3e Melhor lacta\u00e7\u00e3o materna Melhor lacta\u00e7\u00e3o av\u00f3 materna Pai Melhor lacta\u00e7\u00e3o da av\u00f3 paterna IZ 1209 Bento do IZ 12\/01\/25 214 kg + 257 s\/regis Xepa da UPD (1\u00aa) 3.027 kg (1\u00aa) 3.242 kg Campon\u00eas da Laguna 3.601 kg","_links":{"self":[{"href":"https:\/\/leiloes.iz.sp.gov.br\/registro\/wp-json\/wp\/v2\/product\/611","targetHints":{"allow":["GET"]}}],"collection":[{"href":"https:\/\/leiloes.iz.sp.gov.br\/registro\/wp-json\/wp\/v2\/product"}],"about":[{"href":"https:\/\/leiloes.iz.sp.gov.br\/registro\/wp-json\/wp\/v2\/types\/product"}],"wp:featuredmedia":[{"embeddable":true,"href":"https:\/\/leiloes.iz.sp.gov.br\/registro\/wp-json\/wp\/v2\/media\/592"}],"wp:attachment":[{"href":"https:\/\/leiloes.iz.sp.gov.br\/registro\/wp-json\/wp\/v2\/media?parent=611"}],"wp:term":[{"taxonomy":"product_brand","embeddable":true,"href":"https:\/\/leiloes.iz.sp.gov.br\/registro\/wp-json\/wp\/v2\/product_brand?post=611"},{"taxonomy":"product_cat","embeddable":true,"href":"https:\/\/leiloes.iz.sp.gov.br\/registro\/wp-json\/wp\/v2\/product_cat?post=611"},{"taxonomy":"product_tag","embeddable":true,"href":"https:\/\/leiloes.iz.sp.gov.br\/registro\/wp-json\/wp\/v2\/product_tag?post=611"}],"curies":[{"name":"wp","href":"https:\/\/api.w.org\/{rel}","templated":true}]}}