{"id":114,"date":"2020-05-19T16:56:43","date_gmt":"2020-05-19T19:56:43","guid":{"rendered":"https:\/\/leiloes.iz.sp.gov.br\/sertaozinho\/?page_id=114"},"modified":"2026-02-20T18:15:18","modified_gmt":"2026-02-20T21:15:18","slug":"regras","status":"publish","type":"page","link":"https:\/\/leiloes.iz.sp.gov.br\/sertaozinho\/regras\/","title":{"rendered":"Regras"},"content":{"rendered":"\n<h2 class=\"wp-block-heading has-text-align-center\"><strong>REGULAMENTO E CONDI\u00c7\u00d5ES GERAIS<\/strong><\/h2>\n\n\n\n<p>Os participantes do certame obrigam-se a acatar de forma definitiva e irrecorr\u00edvel as disposi\u00e7\u00f5es aqui consignadas, as quais s\u00e3o consideradas como conhecidas por todos, n\u00e3o podendo escusar-se de aceit\u00e1-las, alegando desconhecimento (<strong>Art. 3\u00ba da Lei de Introdu\u00e7\u00e3o do C\u00f3digo Civil &#8211; <\/strong><a href=\"http:\/\/legislacao.planalto.gov.br\/legisla\/legislacao.nsf\/Viw_Identificacao\/DEL%204.657-1942?OpenDocument\"><strong>Decreto-Lei n\u00ba 4.657, de 4 de setembro de 1942<\/strong><\/a>).<\/p>\n\n\n\n<ol class=\"wp-block-list\">\n<li>Como norma, em todos os \u2018Leil\u00f5es P\u00fablicos\u2019, o Comprador \u00e9 quem estabelece livremente o pre\u00e7o, n\u00e3o podendo desta forma, ser aplicado qualquer \u00edndice deflator (tablita) que por ventura venha a ser estabelecida pelo governo durante o per\u00edodo de pagamento do(s) animal(is).<\/li>\n\n\n\n<li>Lembramos aos interessados, que procedam com anteced\u00eancia \u00e0 devida revis\u00e3o dos lotes de animais, atrav\u00e9s das fotos ou v\u00eddeos dispon\u00edveis nos sites informados.<\/li>\n\n\n\n<li>N\u00e3o ser\u00e3o aceitos lances inferiores ao valor estabelecido pelo sistema virtual. Cada lote ser\u00e1 vendido \u00e0quele que ofertar o maior lance.<\/li>\n\n\n\n<li>As vendas realizadas s\u00e3o irrevog\u00e1veis e irretrat\u00e1veis, n\u00e3o podendo o comprador recusar o(s) animal(is) ou solicitar redu\u00e7\u00e3o de seu pre\u00e7o.<\/li>\n\n\n\n<li>Confirmada a venda (ap\u00f3s o prazo estabelecido para lances virtuais), o Comprador receber\u00e1 e-mail confirmando que seu lance foi o vencedor do certame, al\u00e9m das informa\u00e7\u00f5es sobre como efetuar o pagamento.\n<ul class=\"wp-block-list\">\n<li>a venda ser\u00e1 concretizada mediante pagamento \u00e0 vista, atrav\u00e9s de transfer\u00eancia banc\u00e1ria;<\/li>\n\n\n\n<li>o prazo para liquida\u00e7\u00e3o da compra ser\u00e1 de at\u00e9 3 (tr\u00eas) dias \u00fateis.<\/li>\n<\/ul>\n<\/li>\n\n\n\n<li>Ap\u00f3s o lance final, a arremata\u00e7\u00e3o considerar-se-\u00e1 perfeita, acabada e irretrat\u00e1vel e s\u00f3 poder\u00e1 ser desfeita nos seguintes casos:\n<ul class=\"wp-block-list\">\n<li>v\u00edcio de nulidade, e<\/li>\n\n\n\n<li>se n\u00e3o for quitado o total do arremate.<\/li>\n<\/ul>\n<\/li>\n\n\n\n<li>\u00c9 de exclusiva responsabilidade da Institui\u00e7\u00e3o a guarda, manuten\u00e7\u00e3o e seguran\u00e7a dos animais durante todo o tempo em que se mantiverem no local at\u00e9 o efetivo pagamento, passando ent\u00e3o a ser responsabilidade exclusiva do Comprador, n\u00e3o restando ao IZ, nenhum \u00f4nus em caso de acidente ou danos que, eventualmente, venha ocorrer com o(s) animal(is).<\/li>\n\n\n\n<li>Ser\u00e3o de inteira responsabilidade do arrematante as despesas referentes \u00e0 transfer\u00eancia de propriedade junto a Associa\u00e7\u00e3o de Criadores pertinente, o transporte dos animais, e, quando for o caso, os custos relativos aos tributos incidentes.<\/li>\n\n\n\n<li>Todos os animais est\u00e3o vacinados contra a febre aftosa e as f\u00eameas contra brucelose. Os machos destinados \u00e0 reprodu\u00e7\u00e3o possuem atestado negativo para brucelose e tuberculose. As f\u00eameas destinadas \u00e0 reprodu\u00e7\u00e3o possuem atestado negativo para tuberculose e \u00e0quelas com mais de 24 meses tamb\u00e9m possuem atestado negativo para brucelose..<\/li>\n\n\n\n<li>A retirada do(s) animal(is) ser\u00e1 permitida a partir do momento de comprova\u00e7\u00e3o do pagamento do arremate, de segunda-feira a sexta-feira, das 09h00min \u00e0s 15h00min. <span class=\"has-inline-color has-vivid-red-color\">O prazo de retirada ser\u00e1 at\u00e9 no m\u00e1ximo em 3 (tr\u00eas) dias \u00fateis ap\u00f3s a liquida\u00e7\u00e3o do arremate<\/span>.<\/li>\n\n\n\n<li>Fica resguardado \u00e0 Administra\u00e7\u00e3o, o direito de levar os animais arrematados e n\u00e3o quitados no prazo estabelecido, a novo leil\u00e3o.<\/li>\n\n\n\n<li>A n\u00e3o retirada do(s) animal(is) arrematado(s) no prazo estabelecido na presente normativa, sujeitar\u00e1 o licitante as penalidade, com fulcro na Lei federal n\u00ba 14.133\/2021:\n<ul class=\"wp-block-list\">\n<li>multa calculada \u00e0 raz\u00e3o de 0,5% (zero v\u00edrgula cinco por cento) ao dia de atraso.<\/li>\n<\/ul>\n<\/li>\n\n\n\n<li>As normas disciplinadoras desta licita\u00e7\u00e3o ser\u00e3o interpretadas em favor da amplia\u00e7\u00e3o da disputa, respeitada a igualdade de oportunidade entre os licitantes, desde que n\u00e3o haja o comprometimento do interesse p\u00fablico, da finalidade e da transpar\u00eancia do certame.<\/li>\n<\/ol>\n\n\n\n<p><span class=\"has-inline-color has-vivid-red-color\">Obs: Salientamos que o Comprador deve possuir cadastro no Sistema GEDAVE-CDA, pois sem a Guia de Tr\u00e2nsito Animal (GTA) espec\u00edfica, n\u00e3o tem como transportar o(s) animal(is) arrematado(s).<\/span><\/p>\n","protected":false},"excerpt":{"rendered":"<p>REGULAMENTO E CONDI\u00c7\u00d5ES GERAIS Os participantes do certame obrigam-se a acatar de forma definitiva e irrecorr\u00edvel as disposi\u00e7\u00f5es aqui consignadas, as quais s\u00e3o consideradas como conhecidas por todos, n\u00e3o podendo escusar-se de aceit\u00e1-las, alegando desconhecimento (Art. 3\u00ba da Lei de Introdu\u00e7\u00e3o do C\u00f3digo Civil &#8211; Decreto-Lei n\u00ba 4.657, de 4 de setembro de 1942). Obs: [&hellip;]<\/p>\n","protected":false},"author":2,"featured_media":0,"parent":0,"menu_order":0,"comment_status":"closed","ping_status":"closed","template":"","meta":{"_uag_custom_page_level_css":"","site-sidebar-layout":"default","site-content-layout":"default","ast-site-content-layout":"default","site-content-style":"default","site-sidebar-style":"default","ast-global-header-display":"","ast-banner-title-visibility":"","ast-main-header-display":"","ast-hfb-above-header-display":"","ast-hfb-below-header-display":"","ast-hfb-mobile-header-display":"","site-post-title":"disabled","ast-breadcrumbs-content":"","ast-featured-img":"","footer-sml-layout":"","ast-disable-related-posts":"","theme-transparent-header-meta":"default","adv-header-id-meta":"","stick-header-meta":"","header-above-stick-meta":"","header-main-stick-meta":"","header-below-stick-meta":"","astra-migrate-meta-layouts":"set","ast-page-background-enabled":"default","ast-page-background-meta":{"desktop":{"background-color":"var(--ast-global-color-4)","background-image":"","background-repeat":"repeat","background-position":"center center","background-size":"auto","background-attachment":"scroll","background-type":"","background-media":"","overlay-type":"","overlay-color":"","overlay-opacity":"","overlay-gradient":""},"tablet":{"background-color":"","background-image":"","background-repeat":"repeat","background-position":"center center","background-size":"auto","background-attachment":"scroll","background-type":"","background-media":"","overlay-type":"","overlay-color":"","overlay-opacity":"","overlay-gradient":""},"mobile":{"background-color":"","background-image":"","background-repeat":"repeat","background-position":"center center","background-size":"auto","background-attachment":"scroll","background-type":"","background-media":"","overlay-type":"","overlay-color":"","overlay-opacity":"","overlay-gradient":""}},"ast-content-background-meta":{"desktop":{"background-color":"var(--ast-global-color-5)","background-image":"","background-repeat":"repeat","background-position":"center center","background-size":"auto","background-attachment":"scroll","background-type":"","background-media":"","overlay-type":"","overlay-color":"","overlay-opacity":"","overlay-gradient":""},"tablet":{"background-color":"var(--ast-global-color-5)","background-image":"","background-repeat":"repeat","background-position":"center center","background-size":"auto","background-attachment":"scroll","background-type":"","background-media":"","overlay-type":"","overlay-color":"","overlay-opacity":"","overlay-gradient":""},"mobile":{"background-color":"var(--ast-global-color-5)","background-image":"","background-repeat":"repeat","background-position":"center center","background-size":"auto","background-attachment":"scroll","background-type":"","background-media":"","overlay-type":"","overlay-color":"","overlay-opacity":"","overlay-gradient":""}},"footnotes":""},"class_list":["post-114","page","type-page","status-publish","hentry"],"uagb_featured_image_src":{"full":false,"thumbnail":false,"medium":false,"medium_large":false,"large":false,"1536x1536":false,"2048x2048":false,"woocommerce_thumbnail":false,"woocommerce_single":false,"woocommerce_gallery_thumbnail":false},"uagb_author_info":{"display_name":"teixeira","author_link":"https:\/\/leiloes.iz.sp.gov.br\/sertaozinho\/author\/teixeira\/"},"uagb_comment_info":0,"uagb_excerpt":"REGULAMENTO E CONDI\u00c7\u00d5ES GERAIS Os participantes do certame obrigam-se a acatar de forma definitiva e irrecorr\u00edvel as disposi\u00e7\u00f5es aqui consignadas, as quais s\u00e3o consideradas como conhecidas por todos, n\u00e3o podendo escusar-se de aceit\u00e1-las, alegando desconhecimento (Art. 3\u00ba da Lei de Introdu\u00e7\u00e3o do C\u00f3digo Civil &#8211; Decreto-Lei n\u00ba 4.657, de 4 de setembro de 1942). Obs:&hellip;","_links":{"self":[{"href":"https:\/\/leiloes.iz.sp.gov.br\/sertaozinho\/wp-json\/wp\/v2\/pages\/114","targetHints":{"allow":["GET"]}}],"collection":[{"href":"https:\/\/leiloes.iz.sp.gov.br\/sertaozinho\/wp-json\/wp\/v2\/pages"}],"about":[{"href":"https:\/\/leiloes.iz.sp.gov.br\/sertaozinho\/wp-json\/wp\/v2\/types\/page"}],"author":[{"embeddable":true,"href":"https:\/\/leiloes.iz.sp.gov.br\/sertaozinho\/wp-json\/wp\/v2\/users\/2"}],"replies":[{"embeddable":true,"href":"https:\/\/leiloes.iz.sp.gov.br\/sertaozinho\/wp-json\/wp\/v2\/comments?post=114"}],"version-history":[{"count":9,"href":"https:\/\/leiloes.iz.sp.gov.br\/sertaozinho\/wp-json\/wp\/v2\/pages\/114\/revisions"}],"predecessor-version":[{"id":543,"href":"https:\/\/leiloes.iz.sp.gov.br\/sertaozinho\/wp-json\/wp\/v2\/pages\/114\/revisions\/543"}],"wp:attachment":[{"href":"https:\/\/leiloes.iz.sp.gov.br\/sertaozinho\/wp-json\/wp\/v2\/media?parent=114"}],"curies":[{"name":"wp","href":"https:\/\/api.w.org\/{rel}","templated":true}]}}